{"id":3623,"date":"2025-10-20T14:37:50","date_gmt":"2025-10-20T14:37:50","guid":{"rendered":"https:\/\/auralaborinternational.com\/contacto\/"},"modified":"2026-03-02T12:01:00","modified_gmt":"2026-03-02T12:01:00","slug":"contacto","status":"publish","type":"page","link":"https:\/\/auralaborinternational.com\/es\/contacto\/","title":{"rendered":"CONTACTO"},"content":{"rendered":"\t\t<div data-elementor-type=\"wp-page\" data-elementor-id=\"3623\" class=\"elementor elementor-3623 elementor-26\" data-elementor-post-type=\"page\">\n\t\t\t\t\t\t<section class=\"elementor-section elementor-top-section elementor-element elementor-element-ecb449c elementor-section-boxed elementor-section-height-default elementor-section-height-default\" data-id=\"ecb449c\" data-element_type=\"section\" data-e-type=\"section\">\n\t\t\t\t\t\t<div class=\"elementor-container elementor-column-gap-default\">\n\t\t\t\t\t<div class=\"elementor-column elementor-col-33 elementor-top-column elementor-element elementor-element-565a643\" data-id=\"565a643\" data-element_type=\"column\" data-e-type=\"column\" data-settings=\"{&quot;background_background&quot;:&quot;classic&quot;}\">\n\t\t\t<div class=\"elementor-widget-wrap elementor-element-populated\">\n\t\t\t\t\t\t<div class=\"elementor-element elementor-element-2e51a27 elementor-align-start elementor-widget__width-auto elementor-absolute elementor-hidden-phone elementor-mobile-align-start elementor-icon-list--layout-traditional elementor-list-item-link-full_width elementor-widget elementor-widget-icon-list\" data-id=\"2e51a27\" data-element_type=\"widget\" data-e-type=\"widget\" data-settings=\"{&quot;_position&quot;:&quot;absolute&quot;}\" data-widget_type=\"icon-list.default\">\n\t\t\t\t\t\t\t<ul class=\"elementor-icon-list-items\">\n\t\t\t\t\t\t\t<li class=\"elementor-icon-list-item\">\n\t\t\t\t\t\t\t\t\t\t\t<a href=\"https:\/\/www.instagram.com\/auralaborint\/\">\n\n\t\t\t\t\t\t\t\t\t\t\t\t<span class=\"elementor-icon-list-icon\">\n\t\t\t\t\t\t\t<svg aria-hidden=\"true\" class=\"e-font-icon-svg e-fab-instagram\" viewBox=\"0 0 448 512\" xmlns=\"http:\/\/www.w3.org\/2000\/svg\"><path d=\"M224.1 141c-63.6 0-114.9 51.3-114.9 114.9s51.3 114.9 114.9 114.9S339 319.5 339 255.9 287.7 141 224.1 141zm0 189.6c-41.1 0-74.7-33.5-74.7-74.7s33.5-74.7 74.7-74.7 74.7 33.5 74.7 74.7-33.6 74.7-74.7 74.7zm146.4-194.3c0 14.9-12 26.8-26.8 26.8-14.9 0-26.8-12-26.8-26.8s12-26.8 26.8-26.8 26.8 12 26.8 26.8zm76.1 27.2c-1.7-35.9-9.9-67.7-36.2-93.9-26.2-26.2-58-34.4-93.9-36.2-37-2.1-147.9-2.1-184.9 0-35.8 1.7-67.6 9.9-93.9 36.1s-34.4 58-36.2 93.9c-2.1 37-2.1 147.9 0 184.9 1.7 35.9 9.9 67.7 36.2 93.9s58 34.4 93.9 36.2c37 2.1 147.9 2.1 184.9 0 35.9-1.7 67.7-9.9 93.9-36.2 26.2-26.2 34.4-58 36.2-93.9 2.1-37 2.1-147.8 0-184.8zM398.8 388c-7.8 19.6-22.9 34.7-42.6 42.6-29.5 11.7-99.5 9-132.1 9s-102.7 2.6-132.1-9c-19.6-7.8-34.7-22.9-42.6-42.6-11.7-29.5-9-99.5-9-132.1s-2.6-102.7 9-132.1c7.8-19.6 22.9-34.7 42.6-42.6 29.5-11.7 99.5-9 132.1-9s102.7-2.6 132.1 9c19.6 7.8 34.7 22.9 42.6 42.6 11.7 29.5 9 99.5 9 132.1s2.7 102.7-9 132.1z\"><\/path><\/svg>\t\t\t\t\t\t<\/span>\n\t\t\t\t\t\t\t\t\t\t<span class=\"elementor-icon-list-text\"><\/span>\n\t\t\t\t\t\t\t\t\t\t\t<\/a>\n\t\t\t\t\t\t\t\t\t<\/li>\n\t\t\t\t\t\t\t\t<li class=\"elementor-icon-list-item\">\n\t\t\t\t\t\t\t\t\t\t\t<a href=\"https:\/\/www.facehttps:\/\/www.facebook.com\/auralaborinterbook.com\/\">\n\n\t\t\t\t\t\t\t\t\t\t\t\t<span class=\"elementor-icon-list-icon\">\n\t\t\t\t\t\t\t<svg aria-hidden=\"true\" class=\"e-font-icon-svg e-fab-facebook-f\" viewBox=\"0 0 320 512\" xmlns=\"http:\/\/www.w3.org\/2000\/svg\"><path d=\"M279.14 288l14.22-92.66h-88.91v-60.13c0-25.35 12.42-50.06 52.24-50.06h40.42V6.26S260.43 0 225.36 0c-73.22 0-121.08 44.38-121.08 124.72v70.62H22.89V288h81.39v224h100.17V288z\"><\/path><\/svg>\t\t\t\t\t\t<\/span>\n\t\t\t\t\t\t\t\t\t\t<span class=\"elementor-icon-list-text\"><\/span>\n\t\t\t\t\t\t\t\t\t\t\t<\/a>\n\t\t\t\t\t\t\t\t\t<\/li>\n\t\t\t\t\t\t\t\t<li class=\"elementor-icon-list-item\">\n\t\t\t\t\t\t\t\t\t\t\t<a href=\"https:\/\/www.tiktok.com\/@auralaborint\">\n\n\t\t\t\t\t\t\t\t\t\t\t\t<span class=\"elementor-icon-list-icon\">\n\t\t\t\t\t\t\t<svg aria-hidden=\"true\" class=\"e-font-icon-svg e-fab-tiktok\" viewBox=\"0 0 448 512\" xmlns=\"http:\/\/www.w3.org\/2000\/svg\"><path d=\"M448,209.91a210.06,210.06,0,0,1-122.77-39.25V349.38A162.55,162.55,0,1,1,185,188.31V278.2a74.62,74.62,0,1,0,52.23,71.18V0l88,0a121.18,121.18,0,0,0,1.86,22.17h0A122.18,122.18,0,0,0,381,102.39a121.43,121.43,0,0,0,67,20.14Z\"><\/path><\/svg>\t\t\t\t\t\t<\/span>\n\t\t\t\t\t\t\t\t\t\t<span class=\"elementor-icon-list-text\"><\/span>\n\t\t\t\t\t\t\t\t\t\t\t<\/a>\n\t\t\t\t\t\t\t\t\t<\/li>\n\t\t\t\t\t\t\t\t<li class=\"elementor-icon-list-item\">\n\t\t\t\t\t\t\t\t\t\t\t<a href=\"https:\/\/www.youtube.com\/@auralaborint\">\n\n\t\t\t\t\t\t\t\t\t\t\t\t<span class=\"elementor-icon-list-icon\">\n\t\t\t\t\t\t\t<svg aria-hidden=\"true\" class=\"e-font-icon-svg e-fab-youtube\" viewBox=\"0 0 576 512\" xmlns=\"http:\/\/www.w3.org\/2000\/svg\"><path d=\"M549.655 124.083c-6.281-23.65-24.787-42.276-48.284-48.597C458.781 64 288 64 288 64S117.22 64 74.629 75.486c-23.497 6.322-42.003 24.947-48.284 48.597-11.412 42.867-11.412 132.305-11.412 132.305s0 89.438 11.412 132.305c6.281 23.65 24.787 41.5 48.284 47.821C117.22 448 288 448 288 448s170.78 0 213.371-11.486c23.497-6.321 42.003-24.171 48.284-47.821 11.412-42.867 11.412-132.305 11.412-132.305s0-89.438-11.412-132.305zm-317.51 213.508V175.185l142.739 81.205-142.739 81.201z\"><\/path><\/svg>\t\t\t\t\t\t<\/span>\n\t\t\t\t\t\t\t\t\t\t<span class=\"elementor-icon-list-text\"><\/span>\n\t\t\t\t\t\t\t\t\t\t\t<\/a>\n\t\t\t\t\t\t\t\t\t<\/li>\n\t\t\t\t\t\t<\/ul>\n\t\t\t\t\t\t<\/div>\n\t\t\t\t\t<\/div>\n\t\t<\/div>\n\t\t\t\t<div class=\"elementor-column elementor-col-33 elementor-top-column elementor-element elementor-element-8a93c55\" data-id=\"8a93c55\" data-element_type=\"column\" data-e-type=\"column\" data-settings=\"{&quot;background_background&quot;:&quot;classic&quot;}\">\n\t\t\t<div class=\"elementor-widget-wrap elementor-element-populated\">\n\t\t\t\t\t\t<div class=\"elementor-element elementor-element-45cb97d elementor-widget elementor-widget-heading\" data-id=\"45cb97d\" data-element_type=\"widget\" data-e-type=\"widget\" data-widget_type=\"heading.default\">\n\t\t\t\t\t<h1 class=\"elementor-heading-title elementor-size-default\">CONTACTA CON NOSOTROS!<\/h1>\t\t\t\t<\/div>\n\t\t\t\t<div class=\"elementor-element elementor-element-02bcf68 elementor-widget-divider--view-line elementor-widget elementor-widget-divider\" data-id=\"02bcf68\" data-element_type=\"widget\" data-e-type=\"widget\" data-widget_type=\"divider.default\">\n\t\t\t\t\t\t\t<div class=\"elementor-divider\">\n\t\t\t<span class=\"elementor-divider-separator\">\n\t\t\t\t\t\t<\/span>\n\t\t<\/div>\n\t\t\t\t\t\t<\/div>\n\t\t\t\t<div class=\"elementor-element elementor-element-d722272 elementor-widget elementor-widget-heading\" data-id=\"d722272\" data-element_type=\"widget\" data-e-type=\"widget\" data-widget_type=\"heading.default\">\n\t\t\t\t\t<h2 class=\"elementor-heading-title elementor-size-default\">\u00a1Cont\u00e1ctanos sin Compromiso!<\/h2>\t\t\t\t<\/div>\n\t\t\t\t<div class=\"elementor-element elementor-element-a649bf1 elementor-icon-list--layout-traditional elementor-list-item-link-full_width elementor-widget elementor-widget-icon-list\" data-id=\"a649bf1\" data-element_type=\"widget\" data-e-type=\"widget\" data-widget_type=\"icon-list.default\">\n\t\t\t\t\t\t\t<ul class=\"elementor-icon-list-items\">\n\t\t\t\t\t\t\t<li class=\"elementor-icon-list-item\">\n\t\t\t\t\t\t\t\t\t\t<span class=\"elementor-icon-list-text\">latam@auralabor.com<\/span>\n\t\t\t\t\t\t\t\t\t<\/li>\n\t\t\t\t\t\t<\/ul>\n\t\t\t\t\t\t<\/div>\n\t\t\t\t<div class=\"elementor-element elementor-element-4708e78 elementor-widget elementor-widget-heading\" data-id=\"4708e78\" data-element_type=\"widget\" data-e-type=\"widget\" data-widget_type=\"heading.default\">\n\t\t\t\t\t<h2 class=\"elementor-heading-title elementor-size-default\">Oficina<\/h2>\t\t\t\t<\/div>\n\t\t\t\t<div class=\"elementor-element elementor-element-828cbdb elementor-icon-list--layout-traditional elementor-list-item-link-full_width elementor-widget elementor-widget-icon-list\" data-id=\"828cbdb\" data-element_type=\"widget\" data-e-type=\"widget\" data-widget_type=\"icon-list.default\">\n\t\t\t\t\t\t\t<ul class=\"elementor-icon-list-items\">\n\t\t\t\t\t\t\t<li class=\"elementor-icon-list-item\">\n\t\t\t\t\t\t\t\t\t\t<span class=\"elementor-icon-list-text\">Sant Isidre Llaurador Street, 2, 46120 Alboraya, Valencia, Spain<\/span>\n\t\t\t\t\t\t\t\t\t<\/li>\n\t\t\t\t\t\t<\/ul>\n\t\t\t\t\t\t<\/div>\n\t\t\t\t<div class=\"elementor-element elementor-element-b1c2691 elementor-widget elementor-widget-heading\" data-id=\"b1c2691\" data-element_type=\"widget\" data-e-type=\"widget\" data-widget_type=\"heading.default\">\n\t\t\t\t\t<h2 class=\"elementor-heading-title elementor-size-default\">Horario<\/h2>\t\t\t\t<\/div>\n\t\t\t\t<div class=\"elementor-element elementor-element-3e34522 elementor-icon-list--layout-traditional elementor-list-item-link-full_width elementor-widget elementor-widget-icon-list\" data-id=\"3e34522\" data-element_type=\"widget\" data-e-type=\"widget\" data-widget_type=\"icon-list.default\">\n\t\t\t\t\t\t\t<ul class=\"elementor-icon-list-items\">\n\t\t\t\t\t\t\t<li class=\"elementor-icon-list-item\">\n\t\t\t\t\t\t\t\t\t\t<span class=\"elementor-icon-list-text\">Mon-Fri: 8:30 - 17:00<\/span>\n\t\t\t\t\t\t\t\t\t<\/li>\n\t\t\t\t\t\t<\/ul>\n\t\t\t\t\t\t<\/div>\n\t\t\t\t\t<\/div>\n\t\t<\/div>\n\t\t\t\t<div class=\"elementor-column elementor-col-33 elementor-top-column elementor-element elementor-element-0a049af\" data-id=\"0a049af\" data-element_type=\"column\" data-e-type=\"column\" data-settings=\"{&quot;background_background&quot;:&quot;classic&quot;,&quot;background_motion_fx_motion_fx_scrolling&quot;:&quot;yes&quot;,&quot;background_motion_fx_translateY_effect&quot;:&quot;yes&quot;,&quot;background_motion_fx_translateY_direction&quot;:&quot;negative&quot;,&quot;background_motion_fx_translateY_speed&quot;:{&quot;unit&quot;:&quot;px&quot;,&quot;size&quot;:&quot;2&quot;,&quot;sizes&quot;:[]},&quot;background_motion_fx_translateY_affectedRange&quot;:{&quot;unit&quot;:&quot;%&quot;,&quot;size&quot;:&quot;&quot;,&quot;sizes&quot;:{&quot;start&quot;:0,&quot;end&quot;:100}},&quot;background_motion_fx_devices&quot;:[&quot;desktop&quot;,&quot;tablet&quot;,&quot;mobile&quot;]}\">\n\t\t\t<div class=\"elementor-widget-wrap elementor-element-populated\">\n\t\t\t\t\t\t<div class=\"elementor-element elementor-element-d7a4fa3 elementor-widget elementor-widget-html\" data-id=\"d7a4fa3\" data-element_type=\"widget\" data-e-type=\"widget\" data-widget_type=\"html.default\">\n\t\t\t\t\t<iframe aria-label='\u00a1F\u00d3RMATE EN ESPA\u00d1A!' frameborder=\"0\" allow=\"geolocation;\" style=\"height:700px;width:99%;border:none;\" src='https:\/\/forms.zohopublic.com\/mktih1\/form\/FRMATEENESPAA\/formperma\/IfJ8htuvJHQVsGL6qaMhKfZsMzXyEbApJozpj9wQiII'><\/iframe>\t\t\t\t<\/div>\n\t\t\t\t\t<\/div>\n\t\t<\/div>\n\t\t\t\t\t<\/div>\n\t\t<\/section>\n\t\t\t\t<section class=\"elementor-section elementor-top-section elementor-element elementor-element-3d21b0b1 elementor-section-full_width elementor-section-height-default elementor-section-height-default\" data-id=\"3d21b0b1\" data-element_type=\"section\" data-e-type=\"section\">\n\t\t\t\t\t\t<div class=\"elementor-container elementor-column-gap-default\">\n\t\t\t\t\t<div class=\"elementor-column elementor-col-100 elementor-top-column elementor-element elementor-element-c095a0e\" data-id=\"c095a0e\" data-element_type=\"column\" data-e-type=\"column\">\n\t\t\t<div class=\"elementor-widget-wrap elementor-element-populated\">\n\t\t\t\t\t\t<div class=\"elementor-element elementor-element-dc5dcad elementor-widget elementor-widget-google_maps\" data-id=\"dc5dcad\" data-element_type=\"widget\" data-e-type=\"widget\" data-widget_type=\"google_maps.default\">\n\t\t\t\t\t\t\t<div class=\"elementor-custom-embed\">\n\t\t\t<iframe loading=\"lazy\"\n\t\t\t\t\tsrc=\"https:\/\/www.google.com\/maps\/embed\/v1\/place?key=AIzaSyACCRFbJ6AgVIAi0BTm6prp58kI-Z2bpmQ&#038;q=Aura%20Labor&#038;zoom=14\"\n\t\t\t\t\ttitle=\"Aura Labor\"\n\t\t\t\t\taria-label=\"Aura Labor\"\n\t\t\t><\/iframe>\n\t\t<\/div>\n\t\t\t\t\t\t<\/div>\n\t\t\t\t\t<\/div>\n\t\t<\/div>\n\t\t\t\t\t<\/div>\n\t\t<\/section>\n\t\t\t\t<\/div>\n\t\t","protected":false},"excerpt":{"rendered":"<p>CONTACTA CON NOSOTROS! \u00a1Cont\u00e1ctanos sin Compromiso! latam@auralabor.com Oficina Sant Isidre Llaurador Street, 2, 46120 Alboraya, Valencia, Spain Horario Mon-Fri: 8:30 &#8211; 17:00<\/p>\n","protected":false},"author":4,"featured_media":3622,"parent":0,"menu_order":0,"comment_status":"closed","ping_status":"closed","template":"","meta":{"_acf_changed":false,"footnotes":""},"class_list":["post-3623","page","type-page","status-publish","has-post-thumbnail","hentry"],"acf":[],"yoast_head":"<!-- This site is optimized with the Yoast SEO plugin v27.4 - https:\/\/yoast.com\/product\/yoast-seo-wordpress\/ -->\n<title>\u00a1P\u00f3ngase en contacto con nosotros! | Aura Labor<\/title>\n<meta name=\"description\" content=\"\u00bfListo para estudiar y trabajar en Espa\u00f1a? P\u00f3ngase en contacto hoy mismo y descubra c\u00f3mo Aura Labor puede ayudarte a impulsar su carrera \ud83c\udf0d\" \/>\n<meta name=\"robots\" content=\"index, follow, max-snippet:-1, max-image-preview:large, max-video-preview:-1\" \/>\n<link rel=\"canonical\" href=\"https:\/\/auralaborinternational.com\/es\/contacto\/\" \/>\n<meta property=\"og:locale\" content=\"es_ES\" \/>\n<meta property=\"og:type\" content=\"article\" \/>\n<meta property=\"og:title\" content=\"\u00a1P\u00f3ngase en contacto con nosotros! | Aura Labor\" \/>\n<meta property=\"og:description\" content=\"\u00bfListo para estudiar y trabajar en Espa\u00f1a? P\u00f3ngase en contacto hoy mismo y descubra c\u00f3mo Aura Labor puede ayudarte a impulsar su carrera \ud83c\udf0d\" \/>\n<meta property=\"og:url\" content=\"https:\/\/auralaborinternational.com\/es\/contacto\/\" \/>\n<meta property=\"og:site_name\" content=\"Aura Labor International\" \/>\n<meta property=\"article:modified_time\" content=\"2026-03-02T12:01:00+00:00\" \/>\n<meta property=\"og:image\" content=\"https:\/\/auralaborinternational.com\/wp-content\/uploads\/2025\/11\/CLASES-1024x683_resultado.webp\" \/>\n<meta name=\"twitter:card\" content=\"summary_large_image\" \/>\n<meta name=\"twitter:label1\" content=\"Tiempo de lectura\" \/>\n\t<meta name=\"twitter:data1\" content=\"1 minuto\" \/>\n<script type=\"application\/ld+json\" class=\"yoast-schema-graph\">{\"@context\":\"https:\\\/\\\/schema.org\",\"@graph\":[{\"@type\":\"WebPage\",\"@id\":\"https:\\\/\\\/auralaborinternational.com\\\/es\\\/contacto\\\/\",\"url\":\"https:\\\/\\\/auralaborinternational.com\\\/es\\\/contacto\\\/\",\"name\":\"\u00a1P\u00f3ngase en contacto con nosotros! | Aura Labor\",\"isPartOf\":{\"@id\":\"https:\\\/\\\/auralaborinternational.com\\\/es\\\/#website\"},\"primaryImageOfPage\":{\"@id\":\"https:\\\/\\\/auralaborinternational.com\\\/es\\\/contacto\\\/#primaryimage\"},\"image\":{\"@id\":\"https:\\\/\\\/auralaborinternational.com\\\/es\\\/contacto\\\/#primaryimage\"},\"thumbnailUrl\":\"https:\\\/\\\/auralaborinternational.com\\\/wp-content\\\/uploads\\\/2025\\\/11\\\/CLASES-1024x683_resultado.webp\",\"datePublished\":\"2025-10-20T14:37:50+00:00\",\"dateModified\":\"2026-03-02T12:01:00+00:00\",\"description\":\"\u00bfListo para estudiar y trabajar en Espa\u00f1a? P\u00f3ngase en contacto hoy mismo y descubra c\u00f3mo Aura Labor puede ayudarte a impulsar su carrera \ud83c\udf0d\",\"breadcrumb\":{\"@id\":\"https:\\\/\\\/auralaborinternational.com\\\/es\\\/contacto\\\/#breadcrumb\"},\"inLanguage\":\"es\",\"potentialAction\":[{\"@type\":\"ReadAction\",\"target\":[\"https:\\\/\\\/auralaborinternational.com\\\/es\\\/contacto\\\/\"]}]},{\"@type\":\"ImageObject\",\"inLanguage\":\"es\",\"@id\":\"https:\\\/\\\/auralaborinternational.com\\\/es\\\/contacto\\\/#primaryimage\",\"url\":\"https:\\\/\\\/auralaborinternational.com\\\/wp-content\\\/uploads\\\/2025\\\/11\\\/CLASES-1024x683_resultado.webp\",\"contentUrl\":\"https:\\\/\\\/auralaborinternational.com\\\/wp-content\\\/uploads\\\/2025\\\/11\\\/CLASES-1024x683_resultado.webp\",\"width\":1024,\"height\":683,\"caption\":\"Instalaciones del campus de Aura Labor dise\u00f1adas para estudiantes internacionales.\"},{\"@type\":\"BreadcrumbList\",\"@id\":\"https:\\\/\\\/auralaborinternational.com\\\/es\\\/contacto\\\/#breadcrumb\",\"itemListElement\":[{\"@type\":\"ListItem\",\"position\":1,\"name\":\"Portada\",\"item\":\"https:\\\/\\\/auralaborinternational.com\\\/es\\\/\"},{\"@type\":\"ListItem\",\"position\":2,\"name\":\"CONTACTO\"}]},{\"@type\":\"WebSite\",\"@id\":\"https:\\\/\\\/auralaborinternational.com\\\/es\\\/#website\",\"url\":\"https:\\\/\\\/auralaborinternational.com\\\/es\\\/\",\"name\":\"Aura Labor International\",\"description\":\"Vocational training programs in Spain for international students\",\"publisher\":{\"@id\":\"https:\\\/\\\/auralaborinternational.com\\\/es\\\/#organization\"},\"potentialAction\":[{\"@type\":\"SearchAction\",\"target\":{\"@type\":\"EntryPoint\",\"urlTemplate\":\"https:\\\/\\\/auralaborinternational.com\\\/es\\\/?s={search_term_string}\"},\"query-input\":{\"@type\":\"PropertyValueSpecification\",\"valueRequired\":true,\"valueName\":\"search_term_string\"}}],\"inLanguage\":\"es\"},{\"@type\":\"Organization\",\"@id\":\"https:\\\/\\\/auralaborinternational.com\\\/es\\\/#organization\",\"name\":\"Aura Labor International\",\"url\":\"https:\\\/\\\/auralaborinternational.com\\\/es\\\/\",\"logo\":{\"@type\":\"ImageObject\",\"inLanguage\":\"es\",\"@id\":\"https:\\\/\\\/auralaborinternational.com\\\/es\\\/#\\\/schema\\\/logo\\\/image\\\/\",\"url\":\"https:\\\/\\\/auralaborinternational.com\\\/wp-content\\\/uploads\\\/2025\\\/10\\\/cropped-LOGO-AURA-LABOR-2025-06.png\",\"contentUrl\":\"https:\\\/\\\/auralaborinternational.com\\\/wp-content\\\/uploads\\\/2025\\\/10\\\/cropped-LOGO-AURA-LABOR-2025-06.png\",\"width\":447,\"height\":447,\"caption\":\"Aura Labor International\"},\"image\":{\"@id\":\"https:\\\/\\\/auralaborinternational.com\\\/es\\\/#\\\/schema\\\/logo\\\/image\\\/\"}}]}<\/script>\n<!-- \/ Yoast SEO plugin. -->","yoast_head_json":{"title":"\u00a1P\u00f3ngase en contacto con nosotros! | Aura Labor","description":"\u00bfListo para estudiar y trabajar en Espa\u00f1a? P\u00f3ngase en contacto hoy mismo y descubra c\u00f3mo Aura Labor puede ayudarte a impulsar su carrera \ud83c\udf0d","robots":{"index":"index","follow":"follow","max-snippet":"max-snippet:-1","max-image-preview":"max-image-preview:large","max-video-preview":"max-video-preview:-1"},"canonical":"https:\/\/auralaborinternational.com\/es\/contacto\/","og_locale":"es_ES","og_type":"article","og_title":"\u00a1P\u00f3ngase en contacto con nosotros! | Aura Labor","og_description":"\u00bfListo para estudiar y trabajar en Espa\u00f1a? P\u00f3ngase en contacto hoy mismo y descubra c\u00f3mo Aura Labor puede ayudarte a impulsar su carrera \ud83c\udf0d","og_url":"https:\/\/auralaborinternational.com\/es\/contacto\/","og_site_name":"Aura Labor International","article_modified_time":"2026-03-02T12:01:00+00:00","og_image":[{"url":"https:\/\/auralaborinternational.com\/wp-content\/uploads\/2025\/11\/CLASES-1024x683_resultado.webp","type":"","width":"","height":""}],"twitter_card":"summary_large_image","twitter_misc":{"Tiempo de lectura":"1 minuto"},"schema":{"@context":"https:\/\/schema.org","@graph":[{"@type":"WebPage","@id":"https:\/\/auralaborinternational.com\/es\/contacto\/","url":"https:\/\/auralaborinternational.com\/es\/contacto\/","name":"\u00a1P\u00f3ngase en contacto con nosotros! | Aura Labor","isPartOf":{"@id":"https:\/\/auralaborinternational.com\/es\/#website"},"primaryImageOfPage":{"@id":"https:\/\/auralaborinternational.com\/es\/contacto\/#primaryimage"},"image":{"@id":"https:\/\/auralaborinternational.com\/es\/contacto\/#primaryimage"},"thumbnailUrl":"https:\/\/auralaborinternational.com\/wp-content\/uploads\/2025\/11\/CLASES-1024x683_resultado.webp","datePublished":"2025-10-20T14:37:50+00:00","dateModified":"2026-03-02T12:01:00+00:00","description":"\u00bfListo para estudiar y trabajar en Espa\u00f1a? P\u00f3ngase en contacto hoy mismo y descubra c\u00f3mo Aura Labor puede ayudarte a impulsar su carrera \ud83c\udf0d","breadcrumb":{"@id":"https:\/\/auralaborinternational.com\/es\/contacto\/#breadcrumb"},"inLanguage":"es","potentialAction":[{"@type":"ReadAction","target":["https:\/\/auralaborinternational.com\/es\/contacto\/"]}]},{"@type":"ImageObject","inLanguage":"es","@id":"https:\/\/auralaborinternational.com\/es\/contacto\/#primaryimage","url":"https:\/\/auralaborinternational.com\/wp-content\/uploads\/2025\/11\/CLASES-1024x683_resultado.webp","contentUrl":"https:\/\/auralaborinternational.com\/wp-content\/uploads\/2025\/11\/CLASES-1024x683_resultado.webp","width":1024,"height":683,"caption":"Instalaciones del campus de Aura Labor dise\u00f1adas para estudiantes internacionales."},{"@type":"BreadcrumbList","@id":"https:\/\/auralaborinternational.com\/es\/contacto\/#breadcrumb","itemListElement":[{"@type":"ListItem","position":1,"name":"Portada","item":"https:\/\/auralaborinternational.com\/es\/"},{"@type":"ListItem","position":2,"name":"CONTACTO"}]},{"@type":"WebSite","@id":"https:\/\/auralaborinternational.com\/es\/#website","url":"https:\/\/auralaborinternational.com\/es\/","name":"Aura Labor International","description":"Vocational training programs in Spain for international students","publisher":{"@id":"https:\/\/auralaborinternational.com\/es\/#organization"},"potentialAction":[{"@type":"SearchAction","target":{"@type":"EntryPoint","urlTemplate":"https:\/\/auralaborinternational.com\/es\/?s={search_term_string}"},"query-input":{"@type":"PropertyValueSpecification","valueRequired":true,"valueName":"search_term_string"}}],"inLanguage":"es"},{"@type":"Organization","@id":"https:\/\/auralaborinternational.com\/es\/#organization","name":"Aura Labor International","url":"https:\/\/auralaborinternational.com\/es\/","logo":{"@type":"ImageObject","inLanguage":"es","@id":"https:\/\/auralaborinternational.com\/es\/#\/schema\/logo\/image\/","url":"https:\/\/auralaborinternational.com\/wp-content\/uploads\/2025\/10\/cropped-LOGO-AURA-LABOR-2025-06.png","contentUrl":"https:\/\/auralaborinternational.com\/wp-content\/uploads\/2025\/10\/cropped-LOGO-AURA-LABOR-2025-06.png","width":447,"height":447,"caption":"Aura Labor International"},"image":{"@id":"https:\/\/auralaborinternational.com\/es\/#\/schema\/logo\/image\/"}}]}},"_links":{"self":[{"href":"https:\/\/auralaborinternational.com\/es\/wp-json\/wp\/v2\/pages\/3623","targetHints":{"allow":["GET"]}}],"collection":[{"href":"https:\/\/auralaborinternational.com\/es\/wp-json\/wp\/v2\/pages"}],"about":[{"href":"https:\/\/auralaborinternational.com\/es\/wp-json\/wp\/v2\/types\/page"}],"author":[{"embeddable":true,"href":"https:\/\/auralaborinternational.com\/es\/wp-json\/wp\/v2\/users\/4"}],"replies":[{"embeddable":true,"href":"https:\/\/auralaborinternational.com\/es\/wp-json\/wp\/v2\/comments?post=3623"}],"version-history":[{"count":40,"href":"https:\/\/auralaborinternational.com\/es\/wp-json\/wp\/v2\/pages\/3623\/revisions"}],"predecessor-version":[{"id":4390,"href":"https:\/\/auralaborinternational.com\/es\/wp-json\/wp\/v2\/pages\/3623\/revisions\/4390"}],"wp:featuredmedia":[{"embeddable":true,"href":"https:\/\/auralaborinternational.com\/es\/wp-json\/wp\/v2\/media\/3622"}],"wp:attachment":[{"href":"https:\/\/auralaborinternational.com\/es\/wp-json\/wp\/v2\/media?parent=3623"}],"curies":[{"name":"wp","href":"https:\/\/api.w.org\/{rel}","templated":true}]}}